{"id":60,"date":"2025-06-04T17:39:43","date_gmt":"2025-06-04T15:39:43","guid":{"rendered":"https:\/\/kdramakopi.com\/?page_id=60"},"modified":"2025-06-04T17:39:43","modified_gmt":"2025-06-04T15:39:43","slug":"informazioni-legali","status":"publish","type":"page","link":"https:\/\/kdramakopi.com\/it\/informazioni-legali\/","title":{"rendered":"Informazioni legali"},"content":{"rendered":"<p>Tutte le informazioni sull'utente raccolte nei moduli disponibili su questo sito sono destinate al nostro sito web.<\/p>\n\n\n\n<h2 class=\"wp-block-heading\">TRATTAMENTO DEI DATI PERSONALI<\/h2>\n\n\n\n<p>Tutte le informazioni che vi riguardano raccolte nei moduli disponibili su questo sito sono destinate al nostro sito web. Nota: In conformit\u00e0 alla legge n. 787-17 del 16 giugno 1978 (CNIL), l'utente pu\u00f2, tramite lettera o e-mail, informarci di eventuali errori o modifiche relative alle informazioni fornite, oppure pu\u00f2 chiedere di essere rimosso dal nostro archivio informatico. Diritto di risposta via e-mail a :<br>alexandre_at_italpassion.fr<\/p>\n\n\n\n<h2 class=\"wp-block-heading\">ALLOGGIO<\/h2>\n\n\n\n<ul class=\"wp-block-list\">\n<li>Rete Infomaniak SA<\/li>\n\n\n\n<li>Rue Eug\u00e8ne Marziano 25<\/li>\n\n\n\n<li>1227 Le Acacie (GE)<\/li>\n\n\n\n<li>+41228203541<\/li>\n\n\n\n<li>CHE-103.167.648<\/li>\n<\/ul>\n\n\n\n<h2 class=\"wp-block-heading\">COPYRIGHT - DROIT D'AUTEUR<\/h2>\n\n\n\n<p>L'intero sito \u00e8 soggetto alla legislazione francese e internazionale sul diritto d'autore e sulla propriet\u00e0 intellettuale.<\/p>\n\n\n\n<p>Tutti i diritti di riproduzione sono riservati, anche per quanto riguarda i documenti scaricabili e le rappresentazioni iconografiche e fotografiche.<br>La riproduzione totale o parziale di questo sito su qualsiasi supporto elettronico o cartaceo \u00e8 severamente vietata senza l'espressa autorizzazione del direttore della pubblicazione.<br>I marchi citati in questo sito sono registrati dalle societ\u00e0 che li possiedono.<\/p>\n\n\n\n<h2 class=\"wp-block-heading\">EDITORE<\/h2>\n\n\n\n<ul class=\"wp-block-list\">\n<li>Kdrama Kopi, marchio di SARL Filluzeau Groupe, societ\u00e0 con capitale di 23.700 euro, SIRET 82271921700025.<\/li>\n\n\n\n<li>35 bis rue de la Fr\u00e9mondi\u00e8re 85340 Les Sables d'Olonne.<\/li>\n\n\n\n<li>Responsabile della pubblicazione: Jessica Filluzeau<\/li>\n<\/ul>\n\n\n\n<p>Se state cercando un modo per contattarci, utilizzate il modulo\u00a0<a href=\"https:\/\/kdramakopi.com\/it\/contatto\/\">modulo di contatto<\/a>.<\/p>","protected":false},"excerpt":{"rendered":"","protected":false},"author":1,"featured_media":0,"parent":0,"menu_order":0,"comment_status":"closed","ping_status":"closed","template":"","meta":{"_acf_changed":false,"footnotes":""},"class_list":["post-60","page","type-page","status-publish"],"acf":[],"yoast_head":"<!-- This site is optimized with the Yoast SEO plugin v27.5 - https:\/\/yoast.com\/product\/yoast-seo-wordpress\/ -->\n<title>Mentions l\u00e9gales - Kdrama Kopi<\/title>\n<meta name=\"robots\" content=\"index, follow, max-snippet:-1, max-image-preview:large, max-video-preview:-1\" \/>\n<link rel=\"canonical\" href=\"https:\/\/kdramakopi.com\/it\/informazioni-legali\/\" \/>\n<meta property=\"og:locale\" content=\"it_IT\" \/>\n<meta property=\"og:type\" content=\"article\" \/>\n<meta property=\"og:title\" content=\"Mentions l\u00e9gales - Kdrama Kopi\" \/>\n<meta property=\"og:description\" content=\"&hellip;\" \/>\n<meta property=\"og:url\" content=\"https:\/\/kdramakopi.com\/it\/informazioni-legali\/\" \/>\n<meta property=\"og:site_name\" content=\"Kdrama Kopi\" \/>\n<meta property=\"article:publisher\" content=\"https:\/\/www.facebook.com\/kdramakopi\/\" \/>\n<meta property=\"og:image\" content=\"https:\/\/kdramakopi.com\/wp-content\/uploads\/2025\/06\/logokdramakopi.png\" \/>\n\t<meta property=\"og:image:width\" content=\"1100\" \/>\n\t<meta property=\"og:image:height\" content=\"359\" \/>\n\t<meta property=\"og:image:type\" content=\"image\/png\" \/>\n<meta name=\"twitter:card\" content=\"summary_large_image\" \/>\n<meta name=\"twitter:label1\" content=\"Tempo di lettura stimato\" \/>\n\t<meta name=\"twitter:data1\" content=\"2 minuti\" \/>\n<script type=\"application\/ld+json\" class=\"yoast-schema-graph\">{\"@context\":\"https:\\\/\\\/schema.org\",\"@graph\":[{\"@type\":\"WebPage\",\"@id\":\"https:\\\/\\\/kdramakopi.com\\\/mentions-legales\\\/\",\"url\":\"https:\\\/\\\/kdramakopi.com\\\/mentions-legales\\\/\",\"name\":\"Mentions l\u00e9gales - Kdrama Kopi\",\"isPartOf\":{\"@id\":\"https:\\\/\\\/kdramakopi.com\\\/#website\"},\"datePublished\":\"2025-06-04T15:39:43+00:00\",\"breadcrumb\":{\"@id\":\"https:\\\/\\\/kdramakopi.com\\\/mentions-legales\\\/#breadcrumb\"},\"inLanguage\":\"it-IT\",\"potentialAction\":[{\"@type\":\"ReadAction\",\"target\":[\"https:\\\/\\\/kdramakopi.com\\\/mentions-legales\\\/\"]}]},{\"@type\":\"BreadcrumbList\",\"@id\":\"https:\\\/\\\/kdramakopi.com\\\/mentions-legales\\\/#breadcrumb\",\"itemListElement\":[{\"@type\":\"ListItem\",\"position\":1,\"name\":\"Accueil\",\"item\":\"https:\\\/\\\/kdramakopi.com\\\/\"},{\"@type\":\"ListItem\",\"position\":2,\"name\":\"Mentions l\u00e9gales\"}]},{\"@type\":\"WebSite\",\"@id\":\"https:\\\/\\\/kdramakopi.com\\\/#website\",\"url\":\"https:\\\/\\\/kdramakopi.com\\\/\",\"name\":\"Kdrama Kopi\",\"description\":\"\",\"publisher\":{\"@id\":\"https:\\\/\\\/kdramakopi.com\\\/#organization\"},\"potentialAction\":[{\"@type\":\"SearchAction\",\"target\":{\"@type\":\"EntryPoint\",\"urlTemplate\":\"https:\\\/\\\/kdramakopi.com\\\/?s={search_term_string}\"},\"query-input\":{\"@type\":\"PropertyValueSpecification\",\"valueRequired\":true,\"valueName\":\"search_term_string\"}}],\"inLanguage\":\"it-IT\"},{\"@type\":\"Organization\",\"@id\":\"https:\\\/\\\/kdramakopi.com\\\/#organization\",\"name\":\"Kdrama Kopi\",\"url\":\"https:\\\/\\\/kdramakopi.com\\\/\",\"logo\":{\"@type\":\"ImageObject\",\"inLanguage\":\"it-IT\",\"@id\":\"https:\\\/\\\/kdramakopi.com\\\/#\\\/schema\\\/logo\\\/image\\\/\",\"url\":\"https:\\\/\\\/kdramakopi.com\\\/wp-content\\\/uploads\\\/2025\\\/06\\\/logokdramakopi.png\",\"contentUrl\":\"https:\\\/\\\/kdramakopi.com\\\/wp-content\\\/uploads\\\/2025\\\/06\\\/logokdramakopi.png\",\"width\":1100,\"height\":359,\"caption\":\"Kdrama Kopi\"},\"image\":{\"@id\":\"https:\\\/\\\/kdramakopi.com\\\/#\\\/schema\\\/logo\\\/image\\\/\"},\"sameAs\":[\"https:\\\/\\\/www.facebook.com\\\/kdramakopi\\\/\",\"https:\\\/\\\/www.threads.com\\\/@kdrama.kopi\",\"https:\\\/\\\/www.youtube.com\\\/@KdramaKopi\",\"https:\\\/\\\/www.instagram.com\\\/kdrama.kopi\\\/\",\"https:\\\/\\\/x.com\\\/kdramakopi\"]}]}<\/script>\n<!-- \/ Yoast SEO plugin. -->","yoast_head_json":{"title":"Informazioni legali - Kdrama Kopi","robots":{"index":"index","follow":"follow","max-snippet":"max-snippet:-1","max-image-preview":"max-image-preview:large","max-video-preview":"max-video-preview:-1"},"canonical":"https:\/\/kdramakopi.com\/it\/informazioni-legali\/","og_locale":"it_IT","og_type":"article","og_title":"Mentions l\u00e9gales - Kdrama Kopi","og_description":"&hellip;","og_url":"https:\/\/kdramakopi.com\/it\/informazioni-legali\/","og_site_name":"Kdrama Kopi","article_publisher":"https:\/\/www.facebook.com\/kdramakopi\/","og_image":[{"width":1100,"height":359,"url":"https:\/\/kdramakopi.com\/wp-content\/uploads\/2025\/06\/logokdramakopi.png","type":"image\/png"}],"twitter_card":"summary_large_image","twitter_misc":{"Tempo di lettura stimato":"2 minuti"},"schema":{"@context":"https:\/\/schema.org","@graph":[{"@type":"WebPage","@id":"https:\/\/kdramakopi.com\/mentions-legales\/","url":"https:\/\/kdramakopi.com\/mentions-legales\/","name":"Informazioni legali - Kdrama Kopi","isPartOf":{"@id":"https:\/\/kdramakopi.com\/#website"},"datePublished":"2025-06-04T15:39:43+00:00","breadcrumb":{"@id":"https:\/\/kdramakopi.com\/mentions-legales\/#breadcrumb"},"inLanguage":"it-IT","potentialAction":[{"@type":"ReadAction","target":["https:\/\/kdramakopi.com\/mentions-legales\/"]}]},{"@type":"BreadcrumbList","@id":"https:\/\/kdramakopi.com\/mentions-legales\/#breadcrumb","itemListElement":[{"@type":"ListItem","position":1,"name":"Accueil","item":"https:\/\/kdramakopi.com\/"},{"@type":"ListItem","position":2,"name":"Mentions l\u00e9gales"}]},{"@type":"WebSite","@id":"https:\/\/kdramakopi.com\/#website","url":"https:\/\/kdramakopi.com\/","name":"Kdrama Kopi","description":"","publisher":{"@id":"https:\/\/kdramakopi.com\/#organization"},"potentialAction":[{"@type":"SearchAction","target":{"@type":"EntryPoint","urlTemplate":"https:\/\/kdramakopi.com\/?s={search_term_string}"},"query-input":{"@type":"PropertyValueSpecification","valueRequired":true,"valueName":"search_term_string"}}],"inLanguage":"it-IT"},{"@type":"Organization","@id":"https:\/\/kdramakopi.com\/#organization","name":"Kdrama Kopi","url":"https:\/\/kdramakopi.com\/","logo":{"@type":"ImageObject","inLanguage":"it-IT","@id":"https:\/\/kdramakopi.com\/#\/schema\/logo\/image\/","url":"https:\/\/kdramakopi.com\/wp-content\/uploads\/2025\/06\/logokdramakopi.png","contentUrl":"https:\/\/kdramakopi.com\/wp-content\/uploads\/2025\/06\/logokdramakopi.png","width":1100,"height":359,"caption":"Kdrama Kopi"},"image":{"@id":"https:\/\/kdramakopi.com\/#\/schema\/logo\/image\/"},"sameAs":["https:\/\/www.facebook.com\/kdramakopi\/","https:\/\/www.threads.com\/@kdrama.kopi","https:\/\/www.youtube.com\/@KdramaKopi","https:\/\/www.instagram.com\/kdrama.kopi\/","https:\/\/x.com\/kdramakopi"]}]}},"_links":{"self":[{"href":"https:\/\/kdramakopi.com\/it\/wp-json\/wp\/v2\/pages\/60","targetHints":{"allow":["GET"]}}],"collection":[{"href":"https:\/\/kdramakopi.com\/it\/wp-json\/wp\/v2\/pages"}],"about":[{"href":"https:\/\/kdramakopi.com\/it\/wp-json\/wp\/v2\/types\/page"}],"author":[{"embeddable":true,"href":"https:\/\/kdramakopi.com\/it\/wp-json\/wp\/v2\/users\/1"}],"replies":[{"embeddable":true,"href":"https:\/\/kdramakopi.com\/it\/wp-json\/wp\/v2\/comments?post=60"}],"version-history":[{"count":1,"href":"https:\/\/kdramakopi.com\/it\/wp-json\/wp\/v2\/pages\/60\/revisions"}],"predecessor-version":[{"id":63,"href":"https:\/\/kdramakopi.com\/it\/wp-json\/wp\/v2\/pages\/60\/revisions\/63"}],"wp:attachment":[{"href":"https:\/\/kdramakopi.com\/it\/wp-json\/wp\/v2\/media?parent=60"}],"curies":[{"name":"wp","href":"https:\/\/api.w.org\/{rel}","templated":true}]}}