{"id":49,"date":"2025-06-03T14:20:17","date_gmt":"2025-06-03T14:20:17","guid":{"rendered":"https:\/\/kdramakopi.com\/?page_id=49"},"modified":"2026-04-23T11:01:07","modified_gmt":"2026-04-23T09:01:07","slug":"chi-siamo","status":"publish","type":"page","link":"https:\/\/kdramakopi.com\/it\/chi-siamo\/","title":{"rendered":"Chi siamo?"},"content":{"rendered":"<p><strong>Kdrama Kopi <\/strong>\u00e8 un mezzo di comunicazione, una rivista sul Kdrama e sui suoi attori e attrici, creata da un fan del Kdrama per i fan del Kdrama, sia che siano in circolazione da molto tempo o che siano caduti recentemente nella pentola (o nel kimchi, a seconda dei casi). <\/p>\n\n\n\n<p>Il nostro obiettivo? Condividere le ultime notizie sui Kdramas in arrivo e passati, e i futuri ruoli delle vostre star preferite... <\/p>\n\n\n\n<p>Nati nel giugno 2025, abbiamo deciso di partire dalle notizie del momento, senza andare particolarmente indietro nel tempo, perch\u00e9 l'attualit\u00e0 \u00e8 talmente densa che c'\u00e8 molto da fare! Ci trovate sui nostri social network.<\/p>\n\n\n\n<p>Perch\u00e9 Kdrama Kopi? Kopi si avvicina a \"Keopi\", che in coreano significa caff\u00e8. Il caff\u00e8 \u00e8 una parte importante della vita coreana di tutti i giorni e, poich\u00e9 ci ricorda il famoso product placement dei dolci Kopiko, ci siamo innamorati di questo nome, che parler\u00e0 a tutti i fan dei Kdrama.<\/p>\n\n\n\n<h2 class=\"wp-block-heading\">Il team<\/h2>\n\n\n\n<div class=\"gb-element-ac297f75\">\n<div>\n<h3 class=\"wp-block-heading\"><a href=\"https:\/\/kdramakopi.com\/it\/autore\/jessica\/\">Jessica Filluzeau<\/a><\/h3>\n\n\n\n<p>Appassionata di drammi K, mi sono appassionata a She was pretty e da allora non sono pi\u00f9 riuscita a smettere di guardarli.<\/p>\n<\/div>\n\n\n\n<div><\/div>\n<\/div>\n\n\n\n<h2 class=\"wp-block-heading\">Reti sociali<\/h2>\n\n\n\n<p>Potete seguirci sui nostri vari social network.<\/p>\n\n\n\n<a class=\"gb-text gb-text-f27db089\" href=\"https:\/\/www.threads.com\/@kdrama.kopi\" target=\"_blank\" rel=\"noopener\">Threads Kdrama Kopi<\/a>\n\n\n\n<p><\/p>\n\n\n\n<a class=\"gb-text-e8c35feb\" href=\"https:\/\/www.facebook.com\/kdramakopi\/\" target=\"_blank\" rel=\"noopener\"><span class=\"gb-shape\"><svg aria-hidden=\"true\" role=\"img\" height=\"1em\" width=\"1em\" viewbox=\"0 0 512 512\" xmlns=\"http:\/\/www.w3.org\/2000\/svg\"><path fill=\"currentColor\" d=\"M504 256C504 119 393 8 256 8S8 119 8 256c0 123.78 90.69 226.38 209.25 245V327.69h-63V256h63v-54.64c0-62.15 37-96.48 93.67-96.48 27.14 0 55.52 4.84 55.52 4.84v61h-31.28c-30.8 0-40.41 19.12-40.41 38.73V256h68.78l-11 71.69h-57.78V501C413.31 482.38 504 379.78 504 256z\"><\/path><\/svg><\/span><span class=\"gb-text\">Facebook Kdrama Kopi<\/span><\/a>\n\n\n\n<p><\/p>\n\n\n\n<a class=\"gb-text-613aa6de\" href=\"https:\/\/www.youtube.com\/@KdramaKopi\" target=\"_blank\" rel=\"noopener\"><span class=\"gb-shape\"><svg aria-hidden=\"true\" role=\"img\" height=\"1em\" width=\"1em\" viewbox=\"0 0 576 512\" xmlns=\"http:\/\/www.w3.org\/2000\/svg\"><path fill=\"currentColor\" d=\"M549.655 124.083c-6.281-23.65-24.787-42.276-48.284-48.597C458.781 64 288 64 288 64S117.22 64 74.629 75.486c-23.497 6.322-42.003 24.947-48.284 48.597-11.412 42.867-11.412 132.305-11.412 132.305s0 89.438 11.412 132.305c6.281 23.65 24.787 41.5 48.284 47.821C117.22 448 288 448 288 448s170.78 0 213.371-11.486c23.497-6.321 42.003-24.171 48.284-47.821 11.412-42.867 11.412-132.305 11.412-132.305s0-89.438-11.412-132.305zm-317.51 213.508V175.185l142.739 81.205-142.739 81.201z\"><\/path><\/svg><\/span><span class=\"gb-text\">Youtube Kdrama Kopi<\/span><\/a>\n\n\n\n<p><\/p>\n\n\n\n<a class=\"gb-text-4822df7b\" href=\"https:\/\/x.com\/kdramakopi\" target=\"_blank\" rel=\"noopener\"><span class=\"gb-shape\"><svg aria-hidden=\"true\" role=\"img\" height=\"1em\" width=\"1em\" viewbox=\"0 0 512 512\" xmlns=\"http:\/\/www.w3.org\/2000\/svg\"><path fill=\"currentColor\" d=\"M389.2 48h70.6L305.6 224.2 487 464H345L233.7 318.6 106.5 464H35.8L200.7 275.5 26.8 48H172.4L272.9 180.9 389.2 48zM364.4 421.8h39.1L151.1 88h-42L364.4 421.8z\"><\/path><\/svg><\/span><span class=\"gb-text\">X Kdrama Kopi<\/span><\/a>\n\n\n\n<p><\/p>","protected":false},"excerpt":{"rendered":"","protected":false},"author":1,"featured_media":0,"parent":0,"menu_order":0,"comment_status":"closed","ping_status":"closed","template":"","meta":{"_acf_changed":false,"footnotes":""},"class_list":["post-49","page","type-page","status-publish"],"acf":[],"yoast_head":"<!-- This site is optimized with the Yoast SEO plugin v27.5 - https:\/\/yoast.com\/product\/yoast-seo-wordpress\/ -->\n<title>Qui sommes-nous ? - Kdrama Kopi<\/title>\n<meta name=\"robots\" content=\"index, follow, max-snippet:-1, max-image-preview:large, max-video-preview:-1\" \/>\n<link rel=\"canonical\" href=\"https:\/\/kdramakopi.com\/it\/chi-siamo\/\" \/>\n<meta property=\"og:locale\" content=\"it_IT\" \/>\n<meta property=\"og:type\" content=\"article\" \/>\n<meta property=\"og:title\" content=\"Qui sommes-nous ? - Kdrama Kopi\" \/>\n<meta property=\"og:description\" content=\"&hellip;\" \/>\n<meta property=\"og:url\" content=\"https:\/\/kdramakopi.com\/it\/chi-siamo\/\" \/>\n<meta property=\"og:site_name\" content=\"Kdrama Kopi\" \/>\n<meta property=\"article:publisher\" content=\"https:\/\/www.facebook.com\/kdramakopi\/\" \/>\n<meta property=\"article:modified_time\" content=\"2026-04-23T09:01:07+00:00\" \/>\n<meta property=\"og:image\" content=\"https:\/\/kdramakopi.com\/wp-content\/uploads\/2025\/06\/logokdramakopi.png\" \/>\n\t<meta property=\"og:image:width\" content=\"1100\" \/>\n\t<meta property=\"og:image:height\" content=\"359\" \/>\n\t<meta property=\"og:image:type\" content=\"image\/png\" \/>\n<meta name=\"twitter:card\" content=\"summary_large_image\" \/>\n<meta name=\"twitter:label1\" content=\"Tempo di lettura stimato\" \/>\n\t<meta name=\"twitter:data1\" content=\"1 minuto\" \/>\n<script type=\"application\/ld+json\" class=\"yoast-schema-graph\">{\"@context\":\"https:\\\/\\\/schema.org\",\"@graph\":[{\"@type\":\"WebPage\",\"@id\":\"https:\\\/\\\/kdramakopi.com\\\/qui-sommes-nous\\\/\",\"url\":\"https:\\\/\\\/kdramakopi.com\\\/qui-sommes-nous\\\/\",\"name\":\"Qui sommes-nous ? - Kdrama Kopi\",\"isPartOf\":{\"@id\":\"https:\\\/\\\/kdramakopi.com\\\/#website\"},\"datePublished\":\"2025-06-03T14:20:17+00:00\",\"dateModified\":\"2026-04-23T09:01:07+00:00\",\"breadcrumb\":{\"@id\":\"https:\\\/\\\/kdramakopi.com\\\/qui-sommes-nous\\\/#breadcrumb\"},\"inLanguage\":\"it-IT\",\"potentialAction\":[{\"@type\":\"ReadAction\",\"target\":[\"https:\\\/\\\/kdramakopi.com\\\/qui-sommes-nous\\\/\"]}]},{\"@type\":\"BreadcrumbList\",\"@id\":\"https:\\\/\\\/kdramakopi.com\\\/qui-sommes-nous\\\/#breadcrumb\",\"itemListElement\":[{\"@type\":\"ListItem\",\"position\":1,\"name\":\"Accueil\",\"item\":\"https:\\\/\\\/kdramakopi.com\\\/\"},{\"@type\":\"ListItem\",\"position\":2,\"name\":\"Qui sommes-nous ?\"}]},{\"@type\":\"WebSite\",\"@id\":\"https:\\\/\\\/kdramakopi.com\\\/#website\",\"url\":\"https:\\\/\\\/kdramakopi.com\\\/\",\"name\":\"Kdrama Kopi\",\"description\":\"\",\"publisher\":{\"@id\":\"https:\\\/\\\/kdramakopi.com\\\/#organization\"},\"potentialAction\":[{\"@type\":\"SearchAction\",\"target\":{\"@type\":\"EntryPoint\",\"urlTemplate\":\"https:\\\/\\\/kdramakopi.com\\\/?s={search_term_string}\"},\"query-input\":{\"@type\":\"PropertyValueSpecification\",\"valueRequired\":true,\"valueName\":\"search_term_string\"}}],\"inLanguage\":\"it-IT\"},{\"@type\":\"Organization\",\"@id\":\"https:\\\/\\\/kdramakopi.com\\\/#organization\",\"name\":\"Kdrama Kopi\",\"url\":\"https:\\\/\\\/kdramakopi.com\\\/\",\"logo\":{\"@type\":\"ImageObject\",\"inLanguage\":\"it-IT\",\"@id\":\"https:\\\/\\\/kdramakopi.com\\\/#\\\/schema\\\/logo\\\/image\\\/\",\"url\":\"https:\\\/\\\/kdramakopi.com\\\/wp-content\\\/uploads\\\/2025\\\/06\\\/logokdramakopi.png\",\"contentUrl\":\"https:\\\/\\\/kdramakopi.com\\\/wp-content\\\/uploads\\\/2025\\\/06\\\/logokdramakopi.png\",\"width\":1100,\"height\":359,\"caption\":\"Kdrama Kopi\"},\"image\":{\"@id\":\"https:\\\/\\\/kdramakopi.com\\\/#\\\/schema\\\/logo\\\/image\\\/\"},\"sameAs\":[\"https:\\\/\\\/www.facebook.com\\\/kdramakopi\\\/\",\"https:\\\/\\\/www.threads.com\\\/@kdrama.kopi\",\"https:\\\/\\\/www.youtube.com\\\/@KdramaKopi\",\"https:\\\/\\\/www.instagram.com\\\/kdrama.kopi\\\/\",\"https:\\\/\\\/x.com\\\/kdramakopi\"]}]}<\/script>\n<!-- \/ Yoast SEO plugin. -->","yoast_head_json":{"title":"Chi \u00e8 Kdrama Kopi? - Kdrama Kopi","robots":{"index":"index","follow":"follow","max-snippet":"max-snippet:-1","max-image-preview":"max-image-preview:large","max-video-preview":"max-video-preview:-1"},"canonical":"https:\/\/kdramakopi.com\/it\/chi-siamo\/","og_locale":"it_IT","og_type":"article","og_title":"Qui sommes-nous ? - Kdrama Kopi","og_description":"&hellip;","og_url":"https:\/\/kdramakopi.com\/it\/chi-siamo\/","og_site_name":"Kdrama Kopi","article_publisher":"https:\/\/www.facebook.com\/kdramakopi\/","article_modified_time":"2026-04-23T09:01:07+00:00","og_image":[{"width":1100,"height":359,"url":"https:\/\/kdramakopi.com\/wp-content\/uploads\/2025\/06\/logokdramakopi.png","type":"image\/png"}],"twitter_card":"summary_large_image","twitter_misc":{"Tempo di lettura stimato":"1 minuto"},"schema":{"@context":"https:\/\/schema.org","@graph":[{"@type":"WebPage","@id":"https:\/\/kdramakopi.com\/qui-sommes-nous\/","url":"https:\/\/kdramakopi.com\/qui-sommes-nous\/","name":"Chi \u00e8 Kdrama Kopi? - Kdrama Kopi","isPartOf":{"@id":"https:\/\/kdramakopi.com\/#website"},"datePublished":"2025-06-03T14:20:17+00:00","dateModified":"2026-04-23T09:01:07+00:00","breadcrumb":{"@id":"https:\/\/kdramakopi.com\/qui-sommes-nous\/#breadcrumb"},"inLanguage":"it-IT","potentialAction":[{"@type":"ReadAction","target":["https:\/\/kdramakopi.com\/qui-sommes-nous\/"]}]},{"@type":"BreadcrumbList","@id":"https:\/\/kdramakopi.com\/qui-sommes-nous\/#breadcrumb","itemListElement":[{"@type":"ListItem","position":1,"name":"Accueil","item":"https:\/\/kdramakopi.com\/"},{"@type":"ListItem","position":2,"name":"Qui sommes-nous ?"}]},{"@type":"WebSite","@id":"https:\/\/kdramakopi.com\/#website","url":"https:\/\/kdramakopi.com\/","name":"Kdrama Kopi","description":"","publisher":{"@id":"https:\/\/kdramakopi.com\/#organization"},"potentialAction":[{"@type":"SearchAction","target":{"@type":"EntryPoint","urlTemplate":"https:\/\/kdramakopi.com\/?s={search_term_string}"},"query-input":{"@type":"PropertyValueSpecification","valueRequired":true,"valueName":"search_term_string"}}],"inLanguage":"it-IT"},{"@type":"Organization","@id":"https:\/\/kdramakopi.com\/#organization","name":"Kdrama Kopi","url":"https:\/\/kdramakopi.com\/","logo":{"@type":"ImageObject","inLanguage":"it-IT","@id":"https:\/\/kdramakopi.com\/#\/schema\/logo\/image\/","url":"https:\/\/kdramakopi.com\/wp-content\/uploads\/2025\/06\/logokdramakopi.png","contentUrl":"https:\/\/kdramakopi.com\/wp-content\/uploads\/2025\/06\/logokdramakopi.png","width":1100,"height":359,"caption":"Kdrama Kopi"},"image":{"@id":"https:\/\/kdramakopi.com\/#\/schema\/logo\/image\/"},"sameAs":["https:\/\/www.facebook.com\/kdramakopi\/","https:\/\/www.threads.com\/@kdrama.kopi","https:\/\/www.youtube.com\/@KdramaKopi","https:\/\/www.instagram.com\/kdrama.kopi\/","https:\/\/x.com\/kdramakopi"]}]}},"_links":{"self":[{"href":"https:\/\/kdramakopi.com\/it\/wp-json\/wp\/v2\/pages\/49","targetHints":{"allow":["GET"]}}],"collection":[{"href":"https:\/\/kdramakopi.com\/it\/wp-json\/wp\/v2\/pages"}],"about":[{"href":"https:\/\/kdramakopi.com\/it\/wp-json\/wp\/v2\/types\/page"}],"author":[{"embeddable":true,"href":"https:\/\/kdramakopi.com\/it\/wp-json\/wp\/v2\/users\/1"}],"replies":[{"embeddable":true,"href":"https:\/\/kdramakopi.com\/it\/wp-json\/wp\/v2\/comments?post=49"}],"version-history":[{"count":3,"href":"https:\/\/kdramakopi.com\/it\/wp-json\/wp\/v2\/pages\/49\/revisions"}],"predecessor-version":[{"id":8195,"href":"https:\/\/kdramakopi.com\/it\/wp-json\/wp\/v2\/pages\/49\/revisions\/8195"}],"wp:attachment":[{"href":"https:\/\/kdramakopi.com\/it\/wp-json\/wp\/v2\/media?parent=49"}],"curies":[{"name":"wp","href":"https:\/\/api.w.org\/{rel}","templated":true}]}}