{"id":60,"date":"2025-06-04T17:39:43","date_gmt":"2025-06-04T15:39:43","guid":{"rendered":"https:\/\/kdramakopi.com\/?page_id=60"},"modified":"2025-06-04T17:39:43","modified_gmt":"2025-06-04T15:39:43","slug":"mentions-legales","status":"publish","type":"page","link":"https:\/\/kdramakopi.com\/fr\/mentions-legales\/","title":{"rendered":"Mentions l\u00e9gales"},"content":{"rendered":"\n<p>Toutes les informations vous concernant r\u00e9colt\u00e9es dans les formulaires disponibles sur ce site sont destin\u00e9es \u00e0 notre site internet.<\/p>\n\n\n\n<h2 class=\"wp-block-heading\">TRAITEMENT DES DONN\u00c9ES PERSONNELLES<\/h2>\n\n\n\n<p>Toutes les informations vous concernant r\u00e9colt\u00e9es dans les formulaires disponibles sur ce site sont destin\u00e9es \u00e0 notre site internet. Nota : En conformit\u00e9 avec la loi n\u00b0787-17 du 16 juin 1978 (CNIL), vous pouvez par simple courrier ou e-mail, nous signaler toute erreur ou tout changement concernant les \u00e9l\u00e9ments que vous nous fournissez, ou vous pouvez demander \u00e0 ne plus figurer sur notre fichier informatique. Droit de r\u00e9ponse par mail \u00e0 :<br>alexandre_at_italpassion.fr<\/p>\n\n\n\n<h2 class=\"wp-block-heading\">H\u00c9BERGEMENT<\/h2>\n\n\n\n<ul class=\"wp-block-list\">\n<li>Infomaniak Network SA<\/li>\n\n\n\n<li>Rue Eug\u00e8ne Marziano 25<\/li>\n\n\n\n<li>1227 Les Acacias (GE)<\/li>\n\n\n\n<li>+41228203541<\/li>\n\n\n\n<li>CHE-103.167.648<\/li>\n<\/ul>\n\n\n\n<h2 class=\"wp-block-heading\">DROIT D\u2019AUTEUR \u2013 COPYRIGHT<\/h2>\n\n\n\n<p>L\u2019ensemble de ce site rel\u00e8ve de la l\u00e9gislation fran\u00e7aise et internationale sur le droit d\u2019auteur et la propri\u00e9t\u00e9 intellectuelle.<\/p>\n\n\n\n<p>Tous les droits de reproduction sont r\u00e9serv\u00e9s, y compris pour les documents t\u00e9l\u00e9chargeables et les repr\u00e9sentations iconographiques et photographiques.<br>La reproduction de tout ou partie de ce site sur un support \u00e9lectronique ou papier quel qu\u2019il soit est formellement interdite sauf autorisation expresse du directeur de la publication.<br>Les marques cit\u00e9es sur ce site sont d\u00e9pos\u00e9es par les soci\u00e9t\u00e9s qui en sont propri\u00e9taires.<\/p>\n\n\n\n<h2 class=\"wp-block-heading\">EDITEUR<\/h2>\n\n\n\n<ul class=\"wp-block-list\">\n<li>Kdrama Kopi, marque de SARL Filluzeau Groupe, soci\u00e9t\u00e9 au capital de 23 700 \u20ac, SIRET 82271921700025.<\/li>\n\n\n\n<li>35 bis rue de la Fr\u00e9mondi\u00e8re 85340 Les Sables d\u2019Olonne.<\/li>\n\n\n\n<li>Directeur de la publication : Jessica Filluzeau<\/li>\n<\/ul>\n\n\n\n<p>Si vous cherchez un moyen de nous contacter, privil\u00e9giez le\u00a0<a href=\"https:\/\/kdramakopi.com\/contact\/\">formulaire de contact<\/a>.<\/p>\n","protected":false},"excerpt":{"rendered":"","protected":false},"author":1,"featured_media":0,"parent":0,"menu_order":0,"comment_status":"closed","ping_status":"closed","template":"","meta":{"_acf_changed":false,"footnotes":""},"class_list":["post-60","page","type-page","status-publish"],"acf":[],"yoast_head":"<!-- This site is optimized with the Yoast SEO plugin v27.5 - https:\/\/yoast.com\/product\/yoast-seo-wordpress\/ -->\n<title>Mentions l\u00e9gales - Kdrama Kopi<\/title>\n<meta name=\"robots\" content=\"index, follow, max-snippet:-1, max-image-preview:large, max-video-preview:-1\" \/>\n<link rel=\"canonical\" href=\"https:\/\/kdramakopi.com\/fr\/mentions-legales\/\" \/>\n<meta property=\"og:locale\" content=\"fr_FR\" \/>\n<meta property=\"og:type\" content=\"article\" \/>\n<meta property=\"og:title\" content=\"Mentions l\u00e9gales - Kdrama Kopi\" \/>\n<meta property=\"og:description\" content=\"&hellip;\" \/>\n<meta property=\"og:url\" content=\"https:\/\/kdramakopi.com\/fr\/mentions-legales\/\" \/>\n<meta property=\"og:site_name\" content=\"Kdrama Kopi\" \/>\n<meta property=\"article:publisher\" content=\"https:\/\/www.facebook.com\/kdramakopi\/\" \/>\n<meta property=\"og:image\" content=\"https:\/\/kdramakopi.com\/wp-content\/uploads\/2025\/06\/logokdramakopi.png\" \/>\n\t<meta property=\"og:image:width\" content=\"1100\" \/>\n\t<meta property=\"og:image:height\" content=\"359\" \/>\n\t<meta property=\"og:image:type\" content=\"image\/png\" \/>\n<meta name=\"twitter:card\" content=\"summary_large_image\" \/>\n<meta name=\"twitter:label1\" content=\"Dur\u00e9e de lecture estim\u00e9e\" \/>\n\t<meta name=\"twitter:data1\" content=\"2 minutes\" \/>\n<script type=\"application\/ld+json\" class=\"yoast-schema-graph\">{\"@context\":\"https:\\\/\\\/schema.org\",\"@graph\":[{\"@type\":\"WebPage\",\"@id\":\"https:\\\/\\\/kdramakopi.com\\\/mentions-legales\\\/\",\"url\":\"https:\\\/\\\/kdramakopi.com\\\/mentions-legales\\\/\",\"name\":\"Mentions l\u00e9gales - Kdrama Kopi\",\"isPartOf\":{\"@id\":\"https:\\\/\\\/kdramakopi.com\\\/#website\"},\"datePublished\":\"2025-06-04T15:39:43+00:00\",\"breadcrumb\":{\"@id\":\"https:\\\/\\\/kdramakopi.com\\\/mentions-legales\\\/#breadcrumb\"},\"inLanguage\":\"fr-FR\",\"potentialAction\":[{\"@type\":\"ReadAction\",\"target\":[\"https:\\\/\\\/kdramakopi.com\\\/mentions-legales\\\/\"]}]},{\"@type\":\"BreadcrumbList\",\"@id\":\"https:\\\/\\\/kdramakopi.com\\\/mentions-legales\\\/#breadcrumb\",\"itemListElement\":[{\"@type\":\"ListItem\",\"position\":1,\"name\":\"Accueil\",\"item\":\"https:\\\/\\\/kdramakopi.com\\\/\"},{\"@type\":\"ListItem\",\"position\":2,\"name\":\"Mentions l\u00e9gales\"}]},{\"@type\":\"WebSite\",\"@id\":\"https:\\\/\\\/kdramakopi.com\\\/#website\",\"url\":\"https:\\\/\\\/kdramakopi.com\\\/\",\"name\":\"Kdrama Kopi\",\"description\":\"\",\"publisher\":{\"@id\":\"https:\\\/\\\/kdramakopi.com\\\/#organization\"},\"potentialAction\":[{\"@type\":\"SearchAction\",\"target\":{\"@type\":\"EntryPoint\",\"urlTemplate\":\"https:\\\/\\\/kdramakopi.com\\\/?s={search_term_string}\"},\"query-input\":{\"@type\":\"PropertyValueSpecification\",\"valueRequired\":true,\"valueName\":\"search_term_string\"}}],\"inLanguage\":\"fr-FR\"},{\"@type\":\"Organization\",\"@id\":\"https:\\\/\\\/kdramakopi.com\\\/#organization\",\"name\":\"Kdrama Kopi\",\"url\":\"https:\\\/\\\/kdramakopi.com\\\/\",\"logo\":{\"@type\":\"ImageObject\",\"inLanguage\":\"fr-FR\",\"@id\":\"https:\\\/\\\/kdramakopi.com\\\/#\\\/schema\\\/logo\\\/image\\\/\",\"url\":\"https:\\\/\\\/kdramakopi.com\\\/wp-content\\\/uploads\\\/2025\\\/06\\\/logokdramakopi.png\",\"contentUrl\":\"https:\\\/\\\/kdramakopi.com\\\/wp-content\\\/uploads\\\/2025\\\/06\\\/logokdramakopi.png\",\"width\":1100,\"height\":359,\"caption\":\"Kdrama Kopi\"},\"image\":{\"@id\":\"https:\\\/\\\/kdramakopi.com\\\/#\\\/schema\\\/logo\\\/image\\\/\"},\"sameAs\":[\"https:\\\/\\\/www.facebook.com\\\/kdramakopi\\\/\",\"https:\\\/\\\/www.threads.com\\\/@kdrama.kopi\",\"https:\\\/\\\/www.youtube.com\\\/@KdramaKopi\",\"https:\\\/\\\/www.instagram.com\\\/kdrama.kopi\\\/\",\"https:\\\/\\\/x.com\\\/kdramakopi\"]}]}<\/script>\n<!-- \/ Yoast SEO plugin. -->","yoast_head_json":{"title":"Mentions l\u00e9gales - Kdrama Kopi","robots":{"index":"index","follow":"follow","max-snippet":"max-snippet:-1","max-image-preview":"max-image-preview:large","max-video-preview":"max-video-preview:-1"},"canonical":"https:\/\/kdramakopi.com\/fr\/mentions-legales\/","og_locale":"fr_FR","og_type":"article","og_title":"Mentions l\u00e9gales - Kdrama Kopi","og_description":"&hellip;","og_url":"https:\/\/kdramakopi.com\/fr\/mentions-legales\/","og_site_name":"Kdrama Kopi","article_publisher":"https:\/\/www.facebook.com\/kdramakopi\/","og_image":[{"width":1100,"height":359,"url":"https:\/\/kdramakopi.com\/wp-content\/uploads\/2025\/06\/logokdramakopi.png","type":"image\/png"}],"twitter_card":"summary_large_image","twitter_misc":{"Dur\u00e9e de lecture estim\u00e9e":"2 minutes"},"schema":{"@context":"https:\/\/schema.org","@graph":[{"@type":"WebPage","@id":"https:\/\/kdramakopi.com\/mentions-legales\/","url":"https:\/\/kdramakopi.com\/mentions-legales\/","name":"Mentions l\u00e9gales - Kdrama Kopi","isPartOf":{"@id":"https:\/\/kdramakopi.com\/#website"},"datePublished":"2025-06-04T15:39:43+00:00","breadcrumb":{"@id":"https:\/\/kdramakopi.com\/mentions-legales\/#breadcrumb"},"inLanguage":"fr-FR","potentialAction":[{"@type":"ReadAction","target":["https:\/\/kdramakopi.com\/mentions-legales\/"]}]},{"@type":"BreadcrumbList","@id":"https:\/\/kdramakopi.com\/mentions-legales\/#breadcrumb","itemListElement":[{"@type":"ListItem","position":1,"name":"Accueil","item":"https:\/\/kdramakopi.com\/"},{"@type":"ListItem","position":2,"name":"Mentions l\u00e9gales"}]},{"@type":"WebSite","@id":"https:\/\/kdramakopi.com\/#website","url":"https:\/\/kdramakopi.com\/","name":"Kdrama Kopi","description":"","publisher":{"@id":"https:\/\/kdramakopi.com\/#organization"},"potentialAction":[{"@type":"SearchAction","target":{"@type":"EntryPoint","urlTemplate":"https:\/\/kdramakopi.com\/?s={search_term_string}"},"query-input":{"@type":"PropertyValueSpecification","valueRequired":true,"valueName":"search_term_string"}}],"inLanguage":"fr-FR"},{"@type":"Organization","@id":"https:\/\/kdramakopi.com\/#organization","name":"Kdrama Kopi","url":"https:\/\/kdramakopi.com\/","logo":{"@type":"ImageObject","inLanguage":"fr-FR","@id":"https:\/\/kdramakopi.com\/#\/schema\/logo\/image\/","url":"https:\/\/kdramakopi.com\/wp-content\/uploads\/2025\/06\/logokdramakopi.png","contentUrl":"https:\/\/kdramakopi.com\/wp-content\/uploads\/2025\/06\/logokdramakopi.png","width":1100,"height":359,"caption":"Kdrama Kopi"},"image":{"@id":"https:\/\/kdramakopi.com\/#\/schema\/logo\/image\/"},"sameAs":["https:\/\/www.facebook.com\/kdramakopi\/","https:\/\/www.threads.com\/@kdrama.kopi","https:\/\/www.youtube.com\/@KdramaKopi","https:\/\/www.instagram.com\/kdrama.kopi\/","https:\/\/x.com\/kdramakopi"]}]}},"_links":{"self":[{"href":"https:\/\/kdramakopi.com\/fr\/wp-json\/wp\/v2\/pages\/60","targetHints":{"allow":["GET"]}}],"collection":[{"href":"https:\/\/kdramakopi.com\/fr\/wp-json\/wp\/v2\/pages"}],"about":[{"href":"https:\/\/kdramakopi.com\/fr\/wp-json\/wp\/v2\/types\/page"}],"author":[{"embeddable":true,"href":"https:\/\/kdramakopi.com\/fr\/wp-json\/wp\/v2\/users\/1"}],"replies":[{"embeddable":true,"href":"https:\/\/kdramakopi.com\/fr\/wp-json\/wp\/v2\/comments?post=60"}],"version-history":[{"count":1,"href":"https:\/\/kdramakopi.com\/fr\/wp-json\/wp\/v2\/pages\/60\/revisions"}],"predecessor-version":[{"id":63,"href":"https:\/\/kdramakopi.com\/fr\/wp-json\/wp\/v2\/pages\/60\/revisions\/63"}],"wp:attachment":[{"href":"https:\/\/kdramakopi.com\/fr\/wp-json\/wp\/v2\/media?parent=60"}],"curies":[{"name":"wp","href":"https:\/\/api.w.org\/{rel}","templated":true}]}}