{"id":60,"date":"2025-06-04T17:39:43","date_gmt":"2025-06-04T15:39:43","guid":{"rendered":"https:\/\/kdramakopi.com\/?page_id=60"},"modified":"2025-06-04T17:39:43","modified_gmt":"2025-06-04T15:39:43","slug":"informacion-legal","status":"publish","type":"page","link":"https:\/\/kdramakopi.com\/es\/informacion-legal\/","title":{"rendered":"Informaci\u00f3n jur\u00eddica"},"content":{"rendered":"<p>Toda la informaci\u00f3n sobre usted recogida en los formularios disponibles en este sitio est\u00e1 destinada a nuestro sitio web.<\/p>\n\n\n\n<h2 class=\"wp-block-heading\">TRATAMIENTO DE DATOS PERSONALES<\/h2>\n\n\n\n<p>Toda la informaci\u00f3n sobre usted recogida en los formularios disponibles en este sitio est\u00e1 destinada a nuestro sitio web. Nota: De conformidad con la ley n\u00ba 787-17 de 16 de junio de 1978 (CNIL), usted puede, por carta o por correo electr\u00f3nico, informarnos de cualquier error o modificaci\u00f3n relativos a la informaci\u00f3n que nos facilite, o puede solicitar su eliminaci\u00f3n de nuestro fichero inform\u00e1tico. Derecho de respuesta por correo electr\u00f3nico a :<br>alexandre_at_italpassion.fr<\/p>\n\n\n\n<h2 class=\"wp-block-heading\">ALOJAMIENTO<\/h2>\n\n\n\n<ul class=\"wp-block-list\">\n<li>Red Infomaniak SA<\/li>\n\n\n\n<li>Rue Eug\u00e8ne Marziano 25<\/li>\n\n\n\n<li>1227 Les Acacias (GE)<\/li>\n\n\n\n<li>+41228203541<\/li>\n\n\n\n<li>CHE-103.167.648<\/li>\n<\/ul>\n\n\n\n<h2 class=\"wp-block-heading\">COPYRIGHT - DERECHO DE AUTOR<\/h2>\n\n\n\n<p>Todo este sitio est\u00e1 sujeto a la legislaci\u00f3n francesa e internacional sobre derechos de autor y propiedad intelectual.<\/p>\n\n\n\n<p>Quedan reservados todos los derechos de reproducci\u00f3n, incluidos los documentos descargables y las representaciones iconogr\u00e1ficas y fotogr\u00e1ficas.<br>Queda terminantemente prohibida la reproducci\u00f3n total o parcial de este sitio en cualquier soporte electr\u00f3nico o en papel sin la autorizaci\u00f3n expresa del director de la publicaci\u00f3n.<br>Las marcas mencionadas en este sitio est\u00e1n registradas por las empresas propietarias de las mismas.<\/p>\n\n\n\n<h2 class=\"wp-block-heading\">EDITOR<\/h2>\n\n\n\n<ul class=\"wp-block-list\">\n<li>Kdrama Kopi, marca de SARL Filluzeau Groupe, sociedad con capital de 23.700 euros, SIRET 82271921700025.<\/li>\n\n\n\n<li>35 bis rue de la Fr\u00e9mondi\u00e8re 85340 Les Sables d'Olonne.<\/li>\n\n\n\n<li>Directora de publicaci\u00f3n: Jessica Filluzeau<\/li>\n<\/ul>\n\n\n\n<p>Si busca una forma de ponerse en contacto con nosotros, utilice el enlace\u00a0<a href=\"https:\/\/kdramakopi.com\/es\/pongase-en-contacto-con\/\">formulario de contacto<\/a>.<\/p>","protected":false},"excerpt":{"rendered":"","protected":false},"author":1,"featured_media":0,"parent":0,"menu_order":0,"comment_status":"closed","ping_status":"closed","template":"","meta":{"_acf_changed":false,"footnotes":""},"class_list":["post-60","page","type-page","status-publish"],"acf":[],"yoast_head":"<!-- This site is optimized with the Yoast SEO plugin v27.5 - https:\/\/yoast.com\/product\/yoast-seo-wordpress\/ -->\n<title>Mentions l\u00e9gales - Kdrama Kopi<\/title>\n<meta name=\"robots\" content=\"index, follow, max-snippet:-1, max-image-preview:large, max-video-preview:-1\" \/>\n<link rel=\"canonical\" href=\"https:\/\/kdramakopi.com\/es\/informacion-legal\/\" \/>\n<meta property=\"og:locale\" content=\"es_ES\" \/>\n<meta property=\"og:type\" content=\"article\" \/>\n<meta property=\"og:title\" content=\"Mentions l\u00e9gales - Kdrama Kopi\" \/>\n<meta property=\"og:description\" content=\"&hellip;\" \/>\n<meta property=\"og:url\" content=\"https:\/\/kdramakopi.com\/es\/informacion-legal\/\" \/>\n<meta property=\"og:site_name\" content=\"Kdrama Kopi\" \/>\n<meta property=\"article:publisher\" content=\"https:\/\/www.facebook.com\/kdramakopi\/\" \/>\n<meta property=\"og:image\" content=\"https:\/\/kdramakopi.com\/wp-content\/uploads\/2025\/06\/logokdramakopi.png\" \/>\n\t<meta property=\"og:image:width\" content=\"1100\" \/>\n\t<meta property=\"og:image:height\" content=\"359\" \/>\n\t<meta property=\"og:image:type\" content=\"image\/png\" \/>\n<meta name=\"twitter:card\" content=\"summary_large_image\" \/>\n<meta name=\"twitter:label1\" content=\"Tiempo de lectura\" \/>\n\t<meta name=\"twitter:data1\" content=\"2 minutos\" \/>\n<script type=\"application\/ld+json\" class=\"yoast-schema-graph\">{\"@context\":\"https:\\\/\\\/schema.org\",\"@graph\":[{\"@type\":\"WebPage\",\"@id\":\"https:\\\/\\\/kdramakopi.com\\\/mentions-legales\\\/\",\"url\":\"https:\\\/\\\/kdramakopi.com\\\/mentions-legales\\\/\",\"name\":\"Mentions l\u00e9gales - Kdrama Kopi\",\"isPartOf\":{\"@id\":\"https:\\\/\\\/kdramakopi.com\\\/#website\"},\"datePublished\":\"2025-06-04T15:39:43+00:00\",\"breadcrumb\":{\"@id\":\"https:\\\/\\\/kdramakopi.com\\\/mentions-legales\\\/#breadcrumb\"},\"inLanguage\":\"es\",\"potentialAction\":[{\"@type\":\"ReadAction\",\"target\":[\"https:\\\/\\\/kdramakopi.com\\\/mentions-legales\\\/\"]}]},{\"@type\":\"BreadcrumbList\",\"@id\":\"https:\\\/\\\/kdramakopi.com\\\/mentions-legales\\\/#breadcrumb\",\"itemListElement\":[{\"@type\":\"ListItem\",\"position\":1,\"name\":\"Accueil\",\"item\":\"https:\\\/\\\/kdramakopi.com\\\/\"},{\"@type\":\"ListItem\",\"position\":2,\"name\":\"Mentions l\u00e9gales\"}]},{\"@type\":\"WebSite\",\"@id\":\"https:\\\/\\\/kdramakopi.com\\\/#website\",\"url\":\"https:\\\/\\\/kdramakopi.com\\\/\",\"name\":\"Kdrama Kopi\",\"description\":\"\",\"publisher\":{\"@id\":\"https:\\\/\\\/kdramakopi.com\\\/#organization\"},\"potentialAction\":[{\"@type\":\"SearchAction\",\"target\":{\"@type\":\"EntryPoint\",\"urlTemplate\":\"https:\\\/\\\/kdramakopi.com\\\/?s={search_term_string}\"},\"query-input\":{\"@type\":\"PropertyValueSpecification\",\"valueRequired\":true,\"valueName\":\"search_term_string\"}}],\"inLanguage\":\"es\"},{\"@type\":\"Organization\",\"@id\":\"https:\\\/\\\/kdramakopi.com\\\/#organization\",\"name\":\"Kdrama Kopi\",\"url\":\"https:\\\/\\\/kdramakopi.com\\\/\",\"logo\":{\"@type\":\"ImageObject\",\"inLanguage\":\"es\",\"@id\":\"https:\\\/\\\/kdramakopi.com\\\/#\\\/schema\\\/logo\\\/image\\\/\",\"url\":\"https:\\\/\\\/kdramakopi.com\\\/wp-content\\\/uploads\\\/2025\\\/06\\\/logokdramakopi.png\",\"contentUrl\":\"https:\\\/\\\/kdramakopi.com\\\/wp-content\\\/uploads\\\/2025\\\/06\\\/logokdramakopi.png\",\"width\":1100,\"height\":359,\"caption\":\"Kdrama Kopi\"},\"image\":{\"@id\":\"https:\\\/\\\/kdramakopi.com\\\/#\\\/schema\\\/logo\\\/image\\\/\"},\"sameAs\":[\"https:\\\/\\\/www.facebook.com\\\/kdramakopi\\\/\",\"https:\\\/\\\/www.threads.com\\\/@kdrama.kopi\",\"https:\\\/\\\/www.youtube.com\\\/@KdramaKopi\",\"https:\\\/\\\/www.instagram.com\\\/kdrama.kopi\\\/\",\"https:\\\/\\\/x.com\\\/kdramakopi\"]}]}<\/script>\n<!-- \/ Yoast SEO plugin. -->","yoast_head_json":{"title":"Informaci\u00f3n legal - Kdrama Kopi","robots":{"index":"index","follow":"follow","max-snippet":"max-snippet:-1","max-image-preview":"max-image-preview:large","max-video-preview":"max-video-preview:-1"},"canonical":"https:\/\/kdramakopi.com\/es\/informacion-legal\/","og_locale":"es_ES","og_type":"article","og_title":"Mentions l\u00e9gales - Kdrama Kopi","og_description":"&hellip;","og_url":"https:\/\/kdramakopi.com\/es\/informacion-legal\/","og_site_name":"Kdrama Kopi","article_publisher":"https:\/\/www.facebook.com\/kdramakopi\/","og_image":[{"width":1100,"height":359,"url":"https:\/\/kdramakopi.com\/wp-content\/uploads\/2025\/06\/logokdramakopi.png","type":"image\/png"}],"twitter_card":"summary_large_image","twitter_misc":{"Tiempo de lectura":"2 minutos"},"schema":{"@context":"https:\/\/schema.org","@graph":[{"@type":"WebPage","@id":"https:\/\/kdramakopi.com\/mentions-legales\/","url":"https:\/\/kdramakopi.com\/mentions-legales\/","name":"Informaci\u00f3n legal - Kdrama Kopi","isPartOf":{"@id":"https:\/\/kdramakopi.com\/#website"},"datePublished":"2025-06-04T15:39:43+00:00","breadcrumb":{"@id":"https:\/\/kdramakopi.com\/mentions-legales\/#breadcrumb"},"inLanguage":"es","potentialAction":[{"@type":"ReadAction","target":["https:\/\/kdramakopi.com\/mentions-legales\/"]}]},{"@type":"BreadcrumbList","@id":"https:\/\/kdramakopi.com\/mentions-legales\/#breadcrumb","itemListElement":[{"@type":"ListItem","position":1,"name":"Accueil","item":"https:\/\/kdramakopi.com\/"},{"@type":"ListItem","position":2,"name":"Mentions l\u00e9gales"}]},{"@type":"WebSite","@id":"https:\/\/kdramakopi.com\/#website","url":"https:\/\/kdramakopi.com\/","name":"Kdrama Kopi","description":"","publisher":{"@id":"https:\/\/kdramakopi.com\/#organization"},"potentialAction":[{"@type":"SearchAction","target":{"@type":"EntryPoint","urlTemplate":"https:\/\/kdramakopi.com\/?s={search_term_string}"},"query-input":{"@type":"PropertyValueSpecification","valueRequired":true,"valueName":"search_term_string"}}],"inLanguage":"es"},{"@type":"Organization","@id":"https:\/\/kdramakopi.com\/#organization","name":"Kdrama Kopi","url":"https:\/\/kdramakopi.com\/","logo":{"@type":"ImageObject","inLanguage":"es","@id":"https:\/\/kdramakopi.com\/#\/schema\/logo\/image\/","url":"https:\/\/kdramakopi.com\/wp-content\/uploads\/2025\/06\/logokdramakopi.png","contentUrl":"https:\/\/kdramakopi.com\/wp-content\/uploads\/2025\/06\/logokdramakopi.png","width":1100,"height":359,"caption":"Kdrama Kopi"},"image":{"@id":"https:\/\/kdramakopi.com\/#\/schema\/logo\/image\/"},"sameAs":["https:\/\/www.facebook.com\/kdramakopi\/","https:\/\/www.threads.com\/@kdrama.kopi","https:\/\/www.youtube.com\/@KdramaKopi","https:\/\/www.instagram.com\/kdrama.kopi\/","https:\/\/x.com\/kdramakopi"]}]}},"_links":{"self":[{"href":"https:\/\/kdramakopi.com\/es\/wp-json\/wp\/v2\/pages\/60","targetHints":{"allow":["GET"]}}],"collection":[{"href":"https:\/\/kdramakopi.com\/es\/wp-json\/wp\/v2\/pages"}],"about":[{"href":"https:\/\/kdramakopi.com\/es\/wp-json\/wp\/v2\/types\/page"}],"author":[{"embeddable":true,"href":"https:\/\/kdramakopi.com\/es\/wp-json\/wp\/v2\/users\/1"}],"replies":[{"embeddable":true,"href":"https:\/\/kdramakopi.com\/es\/wp-json\/wp\/v2\/comments?post=60"}],"version-history":[{"count":1,"href":"https:\/\/kdramakopi.com\/es\/wp-json\/wp\/v2\/pages\/60\/revisions"}],"predecessor-version":[{"id":63,"href":"https:\/\/kdramakopi.com\/es\/wp-json\/wp\/v2\/pages\/60\/revisions\/63"}],"wp:attachment":[{"href":"https:\/\/kdramakopi.com\/es\/wp-json\/wp\/v2\/media?parent=60"}],"curies":[{"name":"wp","href":"https:\/\/api.w.org\/{rel}","templated":true}]}}