{"id":60,"date":"2025-06-04T17:39:43","date_gmt":"2025-06-04T15:39:43","guid":{"rendered":"https:\/\/kdramakopi.com\/?page_id=60"},"modified":"2025-06-04T17:39:43","modified_gmt":"2025-06-04T15:39:43","slug":"rechtliche-hinweise","status":"publish","type":"page","link":"https:\/\/kdramakopi.com\/de\/rechtliche-hinweise\/","title":{"rendered":"Rechtliche Hinweise"},"content":{"rendered":"<p>Alle Informationen \u00fcber Sie, die in den auf dieser Website verf\u00fcgbaren Formularen gesammelt werden, sind f\u00fcr unsere Website bestimmt.<\/p>\n\n\n\n<h2 class=\"wp-block-heading\">VERARBEITUNG VON PERS\u00d6NLICHEN DATEN<\/h2>\n\n\n\n<p>Alle Sie betreffenden Informationen, die in den auf dieser Website verf\u00fcgbaren Formularen gesammelt werden, sind f\u00fcr unsere Website bestimmt. Hinweis: In \u00dcbereinstimmung mit dem Gesetz Nr. 787-17 vom 16. Juni 1978 (CNIL) k\u00f6nnen Sie uns per Brief oder E-Mail \u00fcber Fehler oder \u00c4nderungen in Bezug auf die von Ihnen angegebenen Daten informieren oder verlangen, dass Sie nicht mehr in unserer Datei erscheinen. Recht auf Antwort per E-Mail an :<br>alexandre_at_italpassion.de<\/p>\n\n\n\n<h2 class=\"wp-block-heading\">UNTERKUNFT<\/h2>\n\n\n\n<ul class=\"wp-block-list\">\n<li>Infomaniak Network SA<\/li>\n\n\n\n<li>Stra\u00dfe Eug\u00e8ne Marziano 25<\/li>\n\n\n\n<li>1227 Les Acacias (GE)<\/li>\n\n\n\n<li>+41228203541<\/li>\n\n\n\n<li>CHE-103.167.648<\/li>\n<\/ul>\n\n\n\n<h2 class=\"wp-block-heading\">URHEBERRECHT - COPYRIGHT<\/h2>\n\n\n\n<p>Die gesamte Website unterliegt der franz\u00f6sischen und internationalen Gesetzgebung \u00fcber das Urheberrecht und das geistige Eigentum.<\/p>\n\n\n\n<p>Alle Rechte der Vervielf\u00e4ltigung sind vorbehalten, auch f\u00fcr herunterladbare Dokumente und ikonografische und fotografische Darstellungen.<br>Die Vervielf\u00e4ltigung dieser Website oder von Teilen davon auf elektronischen oder Papiertr\u00e4gern jeglicher Art ist ohne ausdr\u00fcckliche Genehmigung des Herausgebers strengstens untersagt.<br>Die auf dieser Website genannten Marken sind von den Unternehmen, denen sie geh\u00f6ren, eingetragen.<\/p>\n\n\n\n<h2 class=\"wp-block-heading\">EDITOR<\/h2>\n\n\n\n<ul class=\"wp-block-list\">\n<li>Kdrama Kopi, Marke von SARL Filluzeau Groupe, Gesellschaft mit einem Kapital von 23.700 \u20ac, SIRET 82271921700025.<\/li>\n\n\n\n<li>35 bis rue de la Fr\u00e9mondi\u00e8re 85340 Les Sables d'Olonne.<\/li>\n\n\n\n<li>Leiterin der Ver\u00f6ffentlichung: Jessica Filluzeau<\/li>\n<\/ul>\n\n\n\n<p>Wenn Sie eine M\u00f6glichkeit suchen, mit uns in Kontakt zu treten, bevorzugen Sie das\u00a0<a href=\"https:\/\/kdramakopi.com\/de\/kontakt\/\">Kontaktformular<\/a>.<\/p>","protected":false},"excerpt":{"rendered":"","protected":false},"author":1,"featured_media":0,"parent":0,"menu_order":0,"comment_status":"closed","ping_status":"closed","template":"","meta":{"_acf_changed":false,"footnotes":""},"class_list":["post-60","page","type-page","status-publish"],"acf":[],"yoast_head":"<!-- This site is optimized with the Yoast SEO plugin v27.5 - https:\/\/yoast.com\/product\/yoast-seo-wordpress\/ -->\n<title>Mentions l\u00e9gales - Kdrama Kopi<\/title>\n<meta name=\"robots\" content=\"index, follow, max-snippet:-1, max-image-preview:large, max-video-preview:-1\" \/>\n<link rel=\"canonical\" href=\"https:\/\/kdramakopi.com\/de\/rechtliche-hinweise\/\" \/>\n<meta property=\"og:locale\" content=\"de_DE\" \/>\n<meta property=\"og:type\" content=\"article\" \/>\n<meta property=\"og:title\" content=\"Mentions l\u00e9gales - Kdrama Kopi\" \/>\n<meta property=\"og:description\" content=\"&hellip;\" \/>\n<meta property=\"og:url\" content=\"https:\/\/kdramakopi.com\/de\/rechtliche-hinweise\/\" \/>\n<meta property=\"og:site_name\" content=\"Kdrama Kopi\" \/>\n<meta property=\"article:publisher\" content=\"https:\/\/www.facebook.com\/kdramakopi\/\" \/>\n<meta property=\"og:image\" content=\"https:\/\/kdramakopi.com\/wp-content\/uploads\/2025\/06\/logokdramakopi.png\" \/>\n\t<meta property=\"og:image:width\" content=\"1100\" \/>\n\t<meta property=\"og:image:height\" content=\"359\" \/>\n\t<meta property=\"og:image:type\" content=\"image\/png\" \/>\n<meta name=\"twitter:card\" content=\"summary_large_image\" \/>\n<meta name=\"twitter:label1\" content=\"Gesch\u00e4tzte Lesezeit\" \/>\n\t<meta name=\"twitter:data1\" content=\"2\u00a0Minuten\" \/>\n<script type=\"application\/ld+json\" class=\"yoast-schema-graph\">{\"@context\":\"https:\\\/\\\/schema.org\",\"@graph\":[{\"@type\":\"WebPage\",\"@id\":\"https:\\\/\\\/kdramakopi.com\\\/mentions-legales\\\/\",\"url\":\"https:\\\/\\\/kdramakopi.com\\\/mentions-legales\\\/\",\"name\":\"Mentions l\u00e9gales - Kdrama Kopi\",\"isPartOf\":{\"@id\":\"https:\\\/\\\/kdramakopi.com\\\/#website\"},\"datePublished\":\"2025-06-04T15:39:43+00:00\",\"breadcrumb\":{\"@id\":\"https:\\\/\\\/kdramakopi.com\\\/mentions-legales\\\/#breadcrumb\"},\"inLanguage\":\"de\",\"potentialAction\":[{\"@type\":\"ReadAction\",\"target\":[\"https:\\\/\\\/kdramakopi.com\\\/mentions-legales\\\/\"]}]},{\"@type\":\"BreadcrumbList\",\"@id\":\"https:\\\/\\\/kdramakopi.com\\\/mentions-legales\\\/#breadcrumb\",\"itemListElement\":[{\"@type\":\"ListItem\",\"position\":1,\"name\":\"Accueil\",\"item\":\"https:\\\/\\\/kdramakopi.com\\\/\"},{\"@type\":\"ListItem\",\"position\":2,\"name\":\"Mentions l\u00e9gales\"}]},{\"@type\":\"WebSite\",\"@id\":\"https:\\\/\\\/kdramakopi.com\\\/#website\",\"url\":\"https:\\\/\\\/kdramakopi.com\\\/\",\"name\":\"Kdrama Kopi\",\"description\":\"\",\"publisher\":{\"@id\":\"https:\\\/\\\/kdramakopi.com\\\/#organization\"},\"potentialAction\":[{\"@type\":\"SearchAction\",\"target\":{\"@type\":\"EntryPoint\",\"urlTemplate\":\"https:\\\/\\\/kdramakopi.com\\\/?s={search_term_string}\"},\"query-input\":{\"@type\":\"PropertyValueSpecification\",\"valueRequired\":true,\"valueName\":\"search_term_string\"}}],\"inLanguage\":\"de\"},{\"@type\":\"Organization\",\"@id\":\"https:\\\/\\\/kdramakopi.com\\\/#organization\",\"name\":\"Kdrama Kopi\",\"url\":\"https:\\\/\\\/kdramakopi.com\\\/\",\"logo\":{\"@type\":\"ImageObject\",\"inLanguage\":\"de\",\"@id\":\"https:\\\/\\\/kdramakopi.com\\\/#\\\/schema\\\/logo\\\/image\\\/\",\"url\":\"https:\\\/\\\/kdramakopi.com\\\/wp-content\\\/uploads\\\/2025\\\/06\\\/logokdramakopi.png\",\"contentUrl\":\"https:\\\/\\\/kdramakopi.com\\\/wp-content\\\/uploads\\\/2025\\\/06\\\/logokdramakopi.png\",\"width\":1100,\"height\":359,\"caption\":\"Kdrama Kopi\"},\"image\":{\"@id\":\"https:\\\/\\\/kdramakopi.com\\\/#\\\/schema\\\/logo\\\/image\\\/\"},\"sameAs\":[\"https:\\\/\\\/www.facebook.com\\\/kdramakopi\\\/\",\"https:\\\/\\\/www.threads.com\\\/@kdrama.kopi\",\"https:\\\/\\\/www.youtube.com\\\/@KdramaKopi\",\"https:\\\/\\\/www.instagram.com\\\/kdrama.kopi\\\/\",\"https:\\\/\\\/x.com\\\/kdramakopi\"]}]}<\/script>\n<!-- \/ Yoast SEO plugin. -->","yoast_head_json":{"title":"Rechtliche Hinweise - Kdrama Kopi","robots":{"index":"index","follow":"follow","max-snippet":"max-snippet:-1","max-image-preview":"max-image-preview:large","max-video-preview":"max-video-preview:-1"},"canonical":"https:\/\/kdramakopi.com\/de\/rechtliche-hinweise\/","og_locale":"de_DE","og_type":"article","og_title":"Mentions l\u00e9gales - Kdrama Kopi","og_description":"&hellip;","og_url":"https:\/\/kdramakopi.com\/de\/rechtliche-hinweise\/","og_site_name":"Kdrama Kopi","article_publisher":"https:\/\/www.facebook.com\/kdramakopi\/","og_image":[{"width":1100,"height":359,"url":"https:\/\/kdramakopi.com\/wp-content\/uploads\/2025\/06\/logokdramakopi.png","type":"image\/png"}],"twitter_card":"summary_large_image","twitter_misc":{"Gesch\u00e4tzte Lesezeit":"2\u00a0Minuten"},"schema":{"@context":"https:\/\/schema.org","@graph":[{"@type":"WebPage","@id":"https:\/\/kdramakopi.com\/mentions-legales\/","url":"https:\/\/kdramakopi.com\/mentions-legales\/","name":"Rechtliche Hinweise - Kdrama Kopi","isPartOf":{"@id":"https:\/\/kdramakopi.com\/#website"},"datePublished":"2025-06-04T15:39:43+00:00","breadcrumb":{"@id":"https:\/\/kdramakopi.com\/mentions-legales\/#breadcrumb"},"inLanguage":"de","potentialAction":[{"@type":"ReadAction","target":["https:\/\/kdramakopi.com\/mentions-legales\/"]}]},{"@type":"BreadcrumbList","@id":"https:\/\/kdramakopi.com\/mentions-legales\/#breadcrumb","itemListElement":[{"@type":"ListItem","position":1,"name":"Accueil","item":"https:\/\/kdramakopi.com\/"},{"@type":"ListItem","position":2,"name":"Mentions l\u00e9gales"}]},{"@type":"WebSite","@id":"https:\/\/kdramakopi.com\/#website","url":"https:\/\/kdramakopi.com\/","name":"Kdrama Kopi","description":"","publisher":{"@id":"https:\/\/kdramakopi.com\/#organization"},"potentialAction":[{"@type":"SearchAction","target":{"@type":"EntryPoint","urlTemplate":"https:\/\/kdramakopi.com\/?s={search_term_string}"},"query-input":{"@type":"PropertyValueSpecification","valueRequired":true,"valueName":"search_term_string"}}],"inLanguage":"de"},{"@type":"Organization","@id":"https:\/\/kdramakopi.com\/#organization","name":"Kdrama Kopi","url":"https:\/\/kdramakopi.com\/","logo":{"@type":"ImageObject","inLanguage":"de","@id":"https:\/\/kdramakopi.com\/#\/schema\/logo\/image\/","url":"https:\/\/kdramakopi.com\/wp-content\/uploads\/2025\/06\/logokdramakopi.png","contentUrl":"https:\/\/kdramakopi.com\/wp-content\/uploads\/2025\/06\/logokdramakopi.png","width":1100,"height":359,"caption":"Kdrama Kopi"},"image":{"@id":"https:\/\/kdramakopi.com\/#\/schema\/logo\/image\/"},"sameAs":["https:\/\/www.facebook.com\/kdramakopi\/","https:\/\/www.threads.com\/@kdrama.kopi","https:\/\/www.youtube.com\/@KdramaKopi","https:\/\/www.instagram.com\/kdrama.kopi\/","https:\/\/x.com\/kdramakopi"]}]}},"_links":{"self":[{"href":"https:\/\/kdramakopi.com\/de\/wp-json\/wp\/v2\/pages\/60","targetHints":{"allow":["GET"]}}],"collection":[{"href":"https:\/\/kdramakopi.com\/de\/wp-json\/wp\/v2\/pages"}],"about":[{"href":"https:\/\/kdramakopi.com\/de\/wp-json\/wp\/v2\/types\/page"}],"author":[{"embeddable":true,"href":"https:\/\/kdramakopi.com\/de\/wp-json\/wp\/v2\/users\/1"}],"replies":[{"embeddable":true,"href":"https:\/\/kdramakopi.com\/de\/wp-json\/wp\/v2\/comments?post=60"}],"version-history":[{"count":1,"href":"https:\/\/kdramakopi.com\/de\/wp-json\/wp\/v2\/pages\/60\/revisions"}],"predecessor-version":[{"id":63,"href":"https:\/\/kdramakopi.com\/de\/wp-json\/wp\/v2\/pages\/60\/revisions\/63"}],"wp:attachment":[{"href":"https:\/\/kdramakopi.com\/de\/wp-json\/wp\/v2\/media?parent=60"}],"curies":[{"name":"wp","href":"https:\/\/api.w.org\/{rel}","templated":true}]}}